{"id":459,"date":"2019-01-08T10:51:31","date_gmt":"2019-01-08T10:51:31","guid":{"rendered":"https:\/\/manon.qodeinteractive.com\/?page_id=459"},"modified":"2025-12-06T11:08:22","modified_gmt":"2025-12-06T11:08:22","slug":"iletisim","status":"publish","type":"page","link":"https:\/\/www.ahhaneproduction.com\/en\/iletisim\/","title":{"rendered":"\u0130leti\u015fim"},"content":{"rendered":"<div class=\"vc_row wpb_row vc_row-fluid edgtf-content-aligment-center\" ><div class=\"wpb_column vc_column_container vc_col-sm-12\"><div class=\"vc_column-inner\"><div class=\"wpb_wrapper\"><div class=\"edgtf-elements-holder   edgtf-one-column  edgtf-responsive-mode-768\" ><div class=\"edgtf-eh-item\"  data-item-class=\"edgtf-eh-custom-5682\" data-769-1024=\"70px 70px 0px\" data-681-768=\"70px 70px 0px\" data-680=\"30px 38px 0px\">\n\t<div class=\"edgtf-eh-item-inner\">\n\t\t<div class=\"edgtf-eh-item-content edgtf-eh-custom-5682\" style=\"padding: 0px 70px\">\n\t\t\t<div class=\"wpb_gmaps_widget wpb_content_element\"><div class=\"wpb_wrapper\"><div class=\"wpb_map_wraper\"><iframe src=\"https:\/\/www.google.com\/maps\/embed?pb=!1m14!1m8!1m3!1d12048.132497481518!2d29.0930693!3d40.9807555!3m2!1i1024!2i768!4f13.1!3m3!1m2!1s0x0%3A0x4f097c3800e44e79!2sAHHANE%20MEDYA%20F%C4%B0LM%20YAPIM%20PROD%C3%9CKS%C4%B0YON!5e0!3m2!1str!2str!4v1665770264389!5m2!1str!2str\" width=\"600\" height=\"450\" style=\"border:0;\" allowfullscreen=\"\" loading=\"lazy\" referrerpolicy=\"no-referrer-when-downgrade\"><\/iframe><\/div><\/div><\/div>\t\t<\/div>\n\t<\/div>\n<\/div><\/div><\/div><\/div><\/div><\/div><div class=\"edgtf-row-grid-section-wrapper\"  ><div class=\"edgtf-row-grid-section\"><div class=\"vc_row wpb_row vc_row-fluid vc_custom_1548687138806\" ><div class=\"wpb_column vc_column_container vc_col-sm-12\"><div class=\"vc_column-inner\"><div class=\"wpb_wrapper\"><div class=\"edgtf-elements-holder   edgtf-two-columns  edgtf-responsive-mode-1024\" ><div class=\"edgtf-eh-item\"  data-item-class=\"edgtf-eh-custom-8711\" data-1025-1366=\"0 20px 0 0\" data-769-1024=\"0 0 0 0\" data-681-768=\"0 0 0 0\" data-680=\"0 0 0 0\">\n\t<div class=\"edgtf-eh-item-inner\">\n\t\t<div class=\"edgtf-eh-item-content edgtf-eh-custom-8711\" style=\"padding: 0 50px 0 0\">\n\t\t\t<div class=\"edgtf-section-title-holder  edgtf-st-standard edgtf-st-title-left edgtf-st-normal-space edgtf-st-disable-title-break\" >\n\t<div class=\"edgtf-st-inner\">\n\t\t\t\t\t<h2 class=\"edgtf-st-title\" >\n\t\t\t\t\u0130leti\u015fim\t\t\t<\/h2>\n\t\t\t\t\t\t\t<p class=\"edgtf-st-text\" style=\"margin-top: 30px\">\n\t\t\t\tDilerseniz mesaj formunu kullanarak da bize ula\u015fabilirsiniz.\t\t\t<\/p>\n\t\t\t<\/div>\n<\/div><div class=\"vc_empty_space\"   style=\"height: 20px\"><span class=\"vc_empty_space_inner\"><\/span><\/div>\n\t<div class=\"wpb_text_column wpb_content_element\" >\n\t\t<div class=\"wpb_wrapper\">\n\t\t\t<p>Tel: <strong><a href=\"tel:0 531 409 58 58\">+90 531 409 58 58<\/a><\/strong><br \/>\nSabit Hat: <strong><a href=\"tel:0 216 361 18 08\">+90 216 361 18 08<\/a><\/strong><br \/>\n<a href=\"mailto:info@ahhaneproduction.com\">info@ahhaneproduction.com<\/a><br \/>\n<a href=\"https:\/\/www.google.com\/maps\/place\/AHHANE+MEDYA+F%C4%B0LM+YAPIM+PROD%C3%9CKS%C4%B0YON\/@40.9807555,29.0930693,15z\/data=!4m5!3m4!1s0x0:0x4f097c3800e44e79!8m2!3d40.9807555!4d29.0930693\" target=\"_blank\" rel=\"noopener noreferrer\">19 May\u0131s Mahallesi, Turabo\u011flu Sokak, A5 Blok D:2, 34736 Kad\u0131k\u00f6y\/\u0130stanbul<\/a><\/p>\n\n\t\t<\/div>\n\t<\/div>\n<div class=\"vc_empty_space\"   style=\"height: 29px\"><span class=\"vc_empty_space_inner\"><\/span><\/div>    <span class=\"edgtf-icon-shortcode edgtf-normal\" style=\"margin: 0px 0px 0px 15px\" >\n                    <a itemprop=\"url\" class=\"\" href=\"https:\/\/www.facebook.com\/ahhane.produksiyon\" target=\"_blank\">\n                    <i class=\"edgtf-icon-font-awesome fab fa-facebook-f edgtf-icon-element\" style=\"font-size:15px\" ><\/i>                    <\/a>\n            <\/span>\n    <span class=\"edgtf-icon-shortcode edgtf-normal\" style=\"margin: 0px 0px 0px 15px\" >\n                    <a itemprop=\"url\" class=\"\" href=\"https:\/\/www.instagram.com\/ahhaneproduction\/\" target=\"_blank\">\n                    <i class=\"edgtf-icon-font-awesome fab fa-instagram edgtf-icon-element\" style=\"font-size:15px\" ><\/i>                    <\/a>\n            <\/span>\n    <span class=\"edgtf-icon-shortcode edgtf-normal\" style=\"margin: 0px 0px 0px 15px\" >\n                    <a itemprop=\"url\" class=\"\" href=\"https:\/\/www.linkedin.com\/in\/ahhaneproduksiyon\/\" target=\"_blank\">\n                    <i class=\"edgtf-icon-font-awesome fab fa-linkedin edgtf-icon-element\" style=\"font-size:15px\" ><\/i>                    <\/a>\n            <\/span>\n<div class=\"vc_empty_space\"   style=\"height: 49px\"><span class=\"vc_empty_space_inner\"><\/span><\/div>\t\t<\/div>\n\t<\/div>\n<\/div><div class=\"edgtf-eh-item edgtf-cf7-contact edgtf-vertical-alignment-bottom\"  data-item-class=\"edgtf-eh-custom-2727\" data-769-1024=\"50px 0 0 0\" data-681-768=\"50px 0 0 0\" data-680=\"50px 0 0 0\">\n\t<div class=\"edgtf-eh-item-inner\">\n\t\t<div class=\"edgtf-eh-item-content edgtf-eh-custom-2727\" style=\"padding: 0 0 0 0\">\n\t\t\t<div role=\"form\" class=\"wpcf7\" id=\"wpcf7-f550-o1\" lang=\"en-US\" dir=\"ltr\">\n<div class=\"screen-reader-response\"><p role=\"status\" aria-live=\"polite\" aria-atomic=\"true\"><\/p> <ul><\/ul><\/div>\n<form action=\"\/en\/wp-json\/wp\/v2\/pages\/459#wpcf7-f550-o1\" method=\"post\" class=\"wpcf7-form init cf7_custom_style_1\" novalidate=\"novalidate\" data-status=\"init\" data-trp-original-action=\"\/en\/wp-json\/wp\/v2\/pages\/459#wpcf7-f550-o1\">\n<div style=\"display: none;\">\n<input type=\"hidden\" name=\"_wpcf7\" value=\"550\" \/>\n<input type=\"hidden\" name=\"_wpcf7_version\" value=\"5.6.3\" \/>\n<input type=\"hidden\" name=\"_wpcf7_locale\" value=\"en_US\" \/>\n<input type=\"hidden\" name=\"_wpcf7_unit_tag\" value=\"wpcf7-f550-o1\" \/>\n<input type=\"hidden\" name=\"_wpcf7_container_post\" value=\"0\" \/>\n<input type=\"hidden\" name=\"_wpcf7_posted_data_hash\" value=\"\" \/>\n<\/div>\n<div><span class=\"wpcf7-form-control-wrap\" data-name=\"your-name\"><input type=\"text\" name=\"your-name\" value=\"\" size=\"40\" class=\"wpcf7-form-control wpcf7-text\" aria-invalid=\"false\" placeholder=\"\u0130sminiz\" \/><\/span><\/div>\n<div><span class=\"wpcf7-form-control-wrap\" data-name=\"your-name\"><input type=\"email\" name=\"your-name\" value=\"\" size=\"40\" class=\"wpcf7-form-control wpcf7-text wpcf7-email wpcf7-validates-as-required wpcf7-validates-as-email\" aria-required=\"true\" aria-invalid=\"false\" placeholder=\"Eposta\" \/><\/span><\/div>\n<div><span class=\"wpcf7-form-control-wrap\" data-name=\"tel-153\"><input type=\"tel\" name=\"tel-153\" value=\"\" size=\"40\" class=\"wpcf7-form-control wpcf7-text wpcf7-tel wpcf7-validates-as-tel\" aria-invalid=\"false\" placeholder=\"Telefon\" \/><\/span><\/div>\n<div><span class=\"wpcf7-form-control-wrap\" data-name=\"your-name\"><textarea name=\"your-name\" cols=\"40\" rows=\"1\" class=\"wpcf7-form-control wpcf7-textarea\" aria-invalid=\"false\" placeholder=\"Mesaj\u0131n\u0131z\"><\/textarea><\/span><\/div>\n<div><button type=\"submit\" class=\"wpcf7-form-control wpcf7-submit edgtf-btn edgtf-btn-medium edgtf-btn-solid\"  data-text=\"G\u00f6nder\"><span class=\"edgtf-btn-text\">G\u00f6nder<\/span><\/button><\/div>\n<div class=\"wpcf7-response-output\" aria-hidden=\"true\"><\/div><input type=\"hidden\" name=\"trp-form-language\" value=\"en\"\/><\/form><\/div><div class=\"vc_empty_space\"   style=\"height: 49px\"><span class=\"vc_empty_space_inner\"><\/span><\/div>\t\t<\/div>\n\t<\/div>\n<\/div><\/div><\/div><\/div><\/div><\/div><\/div><\/div>","protected":false},"excerpt":{"rendered":"\u0130leti\u015fim Dilerseniz mesaj formunu kullanarak da bize ula\u015fabilirsiniz. Tel: +90 531 409 58 58 Sabit Hat: +90 216 361 18 08 info@ahhaneproduction.com 19 May\u0131s Mahallesi, Turabo\u011flu Sokak, A5 Blok D:2, 34736 Kad\u0131k\u00f6y\/\u0130stanbul G\u00f6nder","protected":false},"author":1,"featured_media":0,"parent":0,"menu_order":0,"comment_status":"closed","ping_status":"closed","template":"full-width.php","meta":[],"yoast_head":"<!-- This site is optimized with the Yoast SEO plugin v19.8 - https:\/\/yoast.com\/wordpress\/plugins\/seo\/ -->\n<title>\u0130leti\u015fim - Ahhane Production<\/title>\n<meta name=\"robots\" content=\"index, follow, max-snippet:-1, max-image-preview:large, max-video-preview:-1\" \/>\n<link rel=\"canonical\" href=\"https:\/\/www.ahhaneproduction.com\/en\/iletisim\/\" \/>\n<meta property=\"og:locale\" content=\"en_US\" \/>\n<meta property=\"og:type\" content=\"article\" \/>\n<meta property=\"og:title\" content=\"\u0130leti\u015fim - Ahhane Production\" \/>\n<meta property=\"og:url\" content=\"https:\/\/www.ahhaneproduction.com\/en\/iletisim\/\" \/>\n<meta property=\"og:site_name\" content=\"Ahhane Production\" \/>\n<meta property=\"article:publisher\" content=\"https:\/\/www.facebook.com\/ahhane.produksiyon\" \/>\n<meta property=\"article:modified_time\" content=\"2025-12-06T11:08:22+00:00\" \/>\n<meta name=\"twitter:card\" content=\"summary_large_image\" \/>\n<meta name=\"twitter:label1\" content=\"Est. reading time\" \/>\n\t<meta name=\"twitter:data1\" content=\"1 minute\" \/>\n<script type=\"application\/ld+json\" class=\"yoast-schema-graph\">{\"@context\":\"https:\/\/schema.org\",\"@graph\":[{\"@type\":\"WebPage\",\"@id\":\"https:\/\/www.ahhaneproduction.com\/iletisim\/\",\"url\":\"https:\/\/www.ahhaneproduction.com\/iletisim\/\",\"name\":\"\u0130leti\u015fim - Ahhane Production\",\"isPartOf\":{\"@id\":\"https:\/\/www.ahhaneproduction.com\/#website\"},\"datePublished\":\"2019-01-08T10:51:31+00:00\",\"dateModified\":\"2025-12-06T11:08:22+00:00\",\"breadcrumb\":{\"@id\":\"https:\/\/www.ahhaneproduction.com\/iletisim\/#breadcrumb\"},\"inLanguage\":\"en-US\",\"potentialAction\":[{\"@type\":\"ReadAction\",\"target\":[\"https:\/\/www.ahhaneproduction.com\/iletisim\/\"]}]},{\"@type\":\"BreadcrumbList\",\"@id\":\"https:\/\/www.ahhaneproduction.com\/iletisim\/#breadcrumb\",\"itemListElement\":[{\"@type\":\"ListItem\",\"position\":1,\"name\":\"Anasayfa\",\"item\":\"https:\/\/www.ahhaneproduction.com\/\"},{\"@type\":\"ListItem\",\"position\":2,\"name\":\"\u0130leti\u015fim\"}]},{\"@type\":\"WebSite\",\"@id\":\"https:\/\/www.ahhaneproduction.com\/#website\",\"url\":\"https:\/\/www.ahhaneproduction.com\/\",\"name\":\"Ahhane Production\",\"description\":\"G\u00f6rsel ve Ses Sanatlar\u0131\",\"publisher\":{\"@id\":\"https:\/\/www.ahhaneproduction.com\/#organization\"},\"potentialAction\":[{\"@type\":\"SearchAction\",\"target\":{\"@type\":\"EntryPoint\",\"urlTemplate\":\"https:\/\/www.ahhaneproduction.com\/?s={search_term_string}\"},\"query-input\":\"required name=search_term_string\"}],\"inLanguage\":\"en-US\"},{\"@type\":\"Organization\",\"@id\":\"https:\/\/www.ahhaneproduction.com\/#organization\",\"name\":\"Ahhane Production\",\"url\":\"https:\/\/www.ahhaneproduction.com\/\",\"sameAs\":[\"https:\/\/www.linkedin.com\/in\/ahhaneproduksiyon\/\",\"https:\/\/www.instagram.com\/ahhaneproduction\/\",\"https:\/\/www.facebook.com\/ahhane.produksiyon\"],\"logo\":{\"@type\":\"ImageObject\",\"inLanguage\":\"en-US\",\"@id\":\"https:\/\/www.ahhaneproduction.com\/#\/schema\/logo\/image\/\",\"url\":\"https:\/\/www.ahhaneproduction.com\/wp-content\/uploads\/2022\/10\/iteikon.png\",\"contentUrl\":\"https:\/\/www.ahhaneproduction.com\/wp-content\/uploads\/2022\/10\/iteikon.png\",\"width\":374,\"height\":374,\"caption\":\"Ahhane Production\"},\"image\":{\"@id\":\"https:\/\/www.ahhaneproduction.com\/#\/schema\/logo\/image\/\"}}]}<\/script>\n<!-- \/ Yoast SEO plugin. -->","yoast_head_json":{"title":"\u0130leti\u015fim - Ahhane Production","robots":{"index":"index","follow":"follow","max-snippet":"max-snippet:-1","max-image-preview":"max-image-preview:large","max-video-preview":"max-video-preview:-1"},"canonical":"https:\/\/www.ahhaneproduction.com\/en\/iletisim\/","og_locale":"en_US","og_type":"article","og_title":"\u0130leti\u015fim - Ahhane Production","og_url":"https:\/\/www.ahhaneproduction.com\/en\/iletisim\/","og_site_name":"Ahhane Production","article_publisher":"https:\/\/www.facebook.com\/ahhane.produksiyon","article_modified_time":"2025-12-06T11:08:22+00:00","twitter_card":"summary_large_image","twitter_misc":{"Est. reading time":"1 minute"},"schema":{"@context":"https:\/\/schema.org","@graph":[{"@type":"WebPage","@id":"https:\/\/www.ahhaneproduction.com\/iletisim\/","url":"https:\/\/www.ahhaneproduction.com\/iletisim\/","name":"\u0130leti\u015fim - Ahhane Production","isPartOf":{"@id":"https:\/\/www.ahhaneproduction.com\/#website"},"datePublished":"2019-01-08T10:51:31+00:00","dateModified":"2025-12-06T11:08:22+00:00","breadcrumb":{"@id":"https:\/\/www.ahhaneproduction.com\/iletisim\/#breadcrumb"},"inLanguage":"en-US","potentialAction":[{"@type":"ReadAction","target":["https:\/\/www.ahhaneproduction.com\/iletisim\/"]}]},{"@type":"BreadcrumbList","@id":"https:\/\/www.ahhaneproduction.com\/iletisim\/#breadcrumb","itemListElement":[{"@type":"ListItem","position":1,"name":"Anasayfa","item":"https:\/\/www.ahhaneproduction.com\/"},{"@type":"ListItem","position":2,"name":"\u0130leti\u015fim"}]},{"@type":"WebSite","@id":"https:\/\/www.ahhaneproduction.com\/#website","url":"https:\/\/www.ahhaneproduction.com\/","name":"Ahhane Production","description":"G\u00f6rsel ve Ses Sanatlar\u0131","publisher":{"@id":"https:\/\/www.ahhaneproduction.com\/#organization"},"potentialAction":[{"@type":"SearchAction","target":{"@type":"EntryPoint","urlTemplate":"https:\/\/www.ahhaneproduction.com\/?s={search_term_string}"},"query-input":"required name=search_term_string"}],"inLanguage":"en-US"},{"@type":"Organization","@id":"https:\/\/www.ahhaneproduction.com\/#organization","name":"Ahhane Production","url":"https:\/\/www.ahhaneproduction.com\/","sameAs":["https:\/\/www.linkedin.com\/in\/ahhaneproduksiyon\/","https:\/\/www.instagram.com\/ahhaneproduction\/","https:\/\/www.facebook.com\/ahhane.produksiyon"],"logo":{"@type":"ImageObject","inLanguage":"en-US","@id":"https:\/\/www.ahhaneproduction.com\/#\/schema\/logo\/image\/","url":"https:\/\/www.ahhaneproduction.com\/wp-content\/uploads\/2022\/10\/iteikon.png","contentUrl":"https:\/\/www.ahhaneproduction.com\/wp-content\/uploads\/2022\/10\/iteikon.png","width":374,"height":374,"caption":"Ahhane Production"},"image":{"@id":"https:\/\/www.ahhaneproduction.com\/#\/schema\/logo\/image\/"}}]}},"_links":{"self":[{"href":"https:\/\/www.ahhaneproduction.com\/en\/wp-json\/wp\/v2\/pages\/459"}],"collection":[{"href":"https:\/\/www.ahhaneproduction.com\/en\/wp-json\/wp\/v2\/pages"}],"about":[{"href":"https:\/\/www.ahhaneproduction.com\/en\/wp-json\/wp\/v2\/types\/page"}],"author":[{"embeddable":true,"href":"https:\/\/www.ahhaneproduction.com\/en\/wp-json\/wp\/v2\/users\/1"}],"replies":[{"embeddable":true,"href":"https:\/\/www.ahhaneproduction.com\/en\/wp-json\/wp\/v2\/comments?post=459"}],"version-history":[{"count":15,"href":"https:\/\/www.ahhaneproduction.com\/en\/wp-json\/wp\/v2\/pages\/459\/revisions"}],"predecessor-version":[{"id":3178,"href":"https:\/\/www.ahhaneproduction.com\/en\/wp-json\/wp\/v2\/pages\/459\/revisions\/3178"}],"wp:attachment":[{"href":"https:\/\/www.ahhaneproduction.com\/en\/wp-json\/wp\/v2\/media?parent=459"}],"curies":[{"name":"wp","href":"https:\/\/api.w.org\/{rel}","templated":true}]}}