{"id":387,"date":"2019-01-04T13:24:13","date_gmt":"2019-01-04T13:24:13","guid":{"rendered":"https:\/\/manon.qodeinteractive.com\/?page_id=387"},"modified":"2022-10-18T14:11:00","modified_gmt":"2022-10-18T14:11:00","slug":"kurumsal","status":"publish","type":"page","link":"https:\/\/www.ahhaneproduction.com\/en\/kurumsal\/","title":{"rendered":"Hakk\u0131m\u0131zda"},"content":{"rendered":"<div class=\"vc_row wpb_row vc_row-fluid\" ><div class=\"wpb_column vc_column_container vc_col-sm-12\"><div class=\"vc_column-inner\"><div class=\"wpb_wrapper\"><div class=\"edgtf-elements-holder   edgtf-one-column  edgtf-responsive-mode-768\" ><div class=\"edgtf-eh-item\"  data-item-class=\"edgtf-eh-custom-4821\" data-769-1024=\"60px 60px 0px\" data-681-768=\"60px 60px 0px\" data-680=\"30px 38px 0px\">\n\t<div class=\"edgtf-eh-item-inner\">\n\t\t<div class=\"edgtf-eh-item-content edgtf-eh-custom-4821\" style=\"padding: 0px 70px 0px\">\n\t\t\t\n\t<div  class=\"wpb_single_image wpb_content_element vc_align_left\">\n\t\t\n\t\t<figure class=\"wpb_wrapper vc_figure\">\n\t\t\t<div class=\"vc_single_image-wrapper   vc_box_border_grey\"><img width=\"2500\" height=\"1222\" src=\"https:\/\/www.ahhaneproduction.com\/wp-content\/uploads\/2019\/01\/about-us-img-1.jpg\" class=\"vc_single_image-img attachment-full\" alt=\"a\" loading=\"lazy\" srcset=\"https:\/\/www.ahhaneproduction.com\/wp-content\/uploads\/2019\/01\/about-us-img-1.jpg 2500w, https:\/\/www.ahhaneproduction.com\/wp-content\/uploads\/2019\/01\/about-us-img-1-600x293.jpg 600w, https:\/\/www.ahhaneproduction.com\/wp-content\/uploads\/2019\/01\/about-us-img-1-300x147.jpg 300w, https:\/\/www.ahhaneproduction.com\/wp-content\/uploads\/2019\/01\/about-us-img-1-1024x501.jpg 1024w, https:\/\/www.ahhaneproduction.com\/wp-content\/uploads\/2019\/01\/about-us-img-1-768x375.jpg 768w, https:\/\/www.ahhaneproduction.com\/wp-content\/uploads\/2019\/01\/about-us-img-1-1536x751.jpg 1536w\" sizes=\"(max-width: 2500px) 100vw, 2500px\" \/><\/div>\n\t\t<\/figure>\n\t<\/div>\n\t\t<\/div>\n\t<\/div>\n<\/div><\/div><div class=\"vc_empty_space\"   style=\"height: 32px\"><span class=\"vc_empty_space_inner\"><\/span><\/div><\/div><\/div><\/div><\/div><div class=\"edgtf-row-grid-section-wrapper\"  ><div class=\"edgtf-row-grid-section\"><div class=\"vc_row wpb_row vc_row-fluid\" ><div class=\"wpb_column vc_column_container vc_col-sm-12\"><div class=\"vc_column-inner\"><div class=\"wpb_wrapper\">\n\t<div class=\"wpb_text_column wpb_content_element\" >\n\t\t<div class=\"wpb_wrapper\">\n\t\t\t<p><em>AHHANE, y\u00f6n de\u015fen ara\u00e7larla insan yarat\u0131c\u0131l\u0131\u011f\u0131 aras\u0131nda ama\u00e7lanan fikir birli\u011fi hakk\u0131nda yarat\u0131c\u0131 bir fikir olarak do\u011fdu. Ancak premat\u00fcre bir sab\u0131rs\u0131zl\u0131k olarak yolda olgunla\u015fmay\u0131 tercih eden bu yarat\u0131c\u0131 fikir, t\u00fcm yenilik\u00e7i giri\u015fimlerde oldu\u011fu gibi kolektif bilin\u00e7teki e\u015feysiz bir \u00fcreyi\u015f. Trans medya \u00e7a\u011f\u0131nda, geleneksel ve yeni aras\u0131nda verimli bir t\u00fcmle\u015fme hedefleyen AHHANE, sekt\u00f6rel ve sekt\u00f6rel olmayan payda\u015flar\u0131na s\u0131ra d\u0131\u015f\u0131 bir i\u015f vadediyor. AHHANE\u2019nin tasar\u0131m d\u00fc\u015f\u00fcnme metodu, \u2018ola\u011fan olandan ola\u011fand\u0131\u015f\u0131l\u0131klar\u0131 \u00e7\u0131karsamak\u2019 c\u00fcmlesine kadar sadele\u015ftirilebilir. B\u00fcy\u00fck ya da k\u00fc\u00e7\u00fck verili ya\u015famlardan hikayeler kurgulayan AHHANE, s\u0131radanl\u0131klar\u0131n s\u0131radan olmayan \u00fcretim ko\u015fullar\u0131ndan feyz alan bir prod\u00fcksiyon mant\u0131\u011f\u0131yla \u00e7al\u0131\u015f\u0131yor.<\/em><\/p>\n\n\t\t<\/div>\n\t<\/div>\n<\/div><\/div><\/div><\/div><\/div><\/div><div class=\"edgtf-row-grid-section-wrapper\"  ><div class=\"edgtf-row-grid-section\"><div class=\"vc_row wpb_row vc_row-fluid vc_custom_1545926961944 vc_row-o-content-top vc_row-flex\" ><div class=\"wpb_column vc_column_container vc_col-sm-12\"><div class=\"vc_column-inner\"><div class=\"wpb_wrapper\"><div class=\"edgtf-elements-holder   edgtf-three-columns  edgtf-responsive-mode-1024\" ><div class=\"edgtf-eh-item  edgtf-vertical-alignment-top\"  data-item-class=\"edgtf-eh-custom-1014\" data-1025-1366=\"0px 35px 0px 0px\" data-769-1024=\"0px 0px 30px\" data-681-768=\"0px 0px 30px\" data-680=\"0px 0px 30px\">\n\t<div class=\"edgtf-eh-item-inner\">\n\t\t<div class=\"edgtf-eh-item-content edgtf-eh-custom-1014\" style=\"padding: 0px 50px 0px 0px\">\n\t\t\t\n\t<div class=\"wpb_text_column wpb_content_element\" >\n\t\t<div class=\"wpb_wrapper\">\n\t\t\t<h6>Ahhane&#8217;nin Kurumsal Felsefesi;<\/h6>\n\n\t\t<\/div>\n\t<\/div>\n\n\t<div class=\"wpb_text_column wpb_content_element\" >\n\t\t<div class=\"wpb_wrapper\">\n\t\t\t<p>\u00d6z olarak de\u011fil, kolektif-\u00f6z olarak b\u00fcy\u00fcmek; payda\u015flar\u0131na sadakatiyle kazand\u0131\u011f\u0131 de\u011ferleri topluma duyarl\u0131l\u0131kla korumak.<\/p>\n\n\t\t<\/div>\n\t<\/div>\n\t\t<\/div>\n\t<\/div>\n<\/div><div class=\"edgtf-eh-item  edgtf-vertical-alignment-top\"  data-item-class=\"edgtf-eh-custom-8615\" data-1025-1366=\"0px 0px 0px 35px\" data-769-1024=\"0px 0px 30px\" data-681-768=\"0px 0px 30px\" data-680=\"0px 0px 30px\">\n\t<div class=\"edgtf-eh-item-inner\">\n\t\t<div class=\"edgtf-eh-item-content edgtf-eh-custom-8615\" style=\"padding: 0px 0px 0px 50px\">\n\t\t\t\n\t<div class=\"wpb_text_column wpb_content_element\" >\n\t\t<div class=\"wpb_wrapper\">\n\t\t\t<h6>Ahhane&#8217;nin Misyonu ve Vizyonu;<\/h6>\n\n\t\t<\/div>\n\t<\/div>\n\n\t<div class=\"wpb_text_column wpb_content_element\" >\n\t\t<div class=\"wpb_wrapper\">\n\t\t\t<p>\u00c7evrim i\u00e7i ve \u00e7evrim d\u0131\u015f\u0131 ya\u015famlar\u0131n hikayelerini hayal g\u00fcc\u00fcyle birle\u015ftirerek payda\u015flar\u0131n\u0131n profesyonel ama\u00e7lar\u0131na uygun anlat\u0131lar olarak yeniden tasarlamak. Bu ba\u011flamda vizyonumuz, yersiz-yurtsuzlu\u011fun d\u00fcnyas\u0131nda rekabet halinde olan k\u00fcresel imajlar aras\u0131nda, \u00f6zg\u00fcn imajlar \u00fcreten hikayesiyle\u00a0 ilham veren bir avangart olmak.<\/p>\n\n\t\t<\/div>\n\t<\/div>\n\t\t<\/div>\n\t<\/div>\n<\/div><div class=\"edgtf-eh-item  edgtf-vertical-alignment-top\"  data-item-class=\"edgtf-eh-custom-4355\" data-1025-1366=\"0px 0px 0px 70px\" data-769-1024=\"0px\" data-681-768=\"0px\" data-680=\"0px\">\n\t<div class=\"edgtf-eh-item-inner\">\n\t\t<div class=\"edgtf-eh-item-content edgtf-eh-custom-4355\" style=\"padding: 0px 0px 0px 100px\">\n\t\t\t\n\t<div class=\"wpb_text_column wpb_content_element\" >\n\t\t<div class=\"wpb_wrapper\">\n\t\t\t<h6>Ahhane&#8217;nin \u0130\u015f Eti\u011fi;<\/h6>\n\n\t\t<\/div>\n\t<\/div>\n\n\t<div class=\"wpb_text_column wpb_content_element\" >\n\t\t<div class=\"wpb_wrapper\">\n\t\t\t<p>\u00dcretim alan\u0131n\u0131 bir varl\u0131k sahas\u0131 olarak tan\u0131mak ve varolu\u015fa duydu\u011fu sayg\u0131y\u0131 var ettiklerinde ya\u015fatmak. Evrensel dilde konu\u015furken yerelde anla\u015f\u0131lmak ve yerelde d\u00fc\u015f\u00fcnd\u00fcklerini evrenselle\u015ftirmek.<\/p>\n\n\t\t<\/div>\n\t<\/div>\n\t\t<\/div>\n\t<\/div>\n<\/div><\/div>\n\t<div class=\"wpb_text_column wpb_content_element\" >\n\t\t<div class=\"wpb_wrapper\">\n\t\t\t<p>AHHANE\u2019nin d\u00fcnyas\u0131ndaki her \u015fey birer temsil. Temsili kli\u015fe ya\u015famlar\u0131 yeniden temsil etmek, AHHANE\u2019nin i\u015f tan\u0131m\u0131d\u0131r. Bu tan\u0131m\u0131, animasyon film, reklam, belgesel, uzun ve k\u0131sa metraj film, dizi, seslendirme, dublaj ve tan\u0131t\u0131m filmleri olmak \u00fczere bir\u00e7ok i\u015f alan\u0131na entegre ediyor. Yeniden d\u00fc\u015f\u00fcnmek ile yeniden \u00fcretmek aras\u0131ndaki ba\u011f, AHHANE ile partnerleri aras\u0131ndaki etkile\u015fimli yarat\u0131c\u0131l\u0131\u011f\u0131 g\u00fcvenceliyor.<\/p>\n<p>\u2018Gelecek, ge\u00e7mi\u015ften beklenendir. AHHANE, ge\u00e7mi\u015fin o kadar da ge\u00e7memi\u015f oldu\u011fu fikrine dair bir gelecek olmay\u0131 d\u00fc\u015fler\u2019.<\/p>\n\n\t\t<\/div>\n\t<\/div>\n<\/div><\/div><\/div><\/div><\/div><\/div>","protected":false},"excerpt":{"rendered":"AHHANE, y\u00f6n de\u015fen ara\u00e7larla insan yarat\u0131c\u0131l\u0131\u011f\u0131 aras\u0131nda ama\u00e7lanan fikir birli\u011fi hakk\u0131nda yarat\u0131c\u0131 bir fikir olarak do\u011fdu. Ancak premat\u00fcre bir sab\u0131rs\u0131zl\u0131k olarak yolda olgunla\u015fmay\u0131 tercih eden bu yarat\u0131c\u0131 fikir, t\u00fcm yenilik\u00e7i giri\u015fimlerde oldu\u011fu gibi kolektif bilin\u00e7teki e\u015feysiz bir \u00fcreyi\u015f. Trans medya [...]","protected":false},"author":1,"featured_media":0,"parent":0,"menu_order":0,"comment_status":"closed","ping_status":"closed","template":"full-width.php","meta":[],"yoast_head":"<!-- This site is optimized with the Yoast SEO plugin v19.8 - https:\/\/yoast.com\/wordpress\/plugins\/seo\/ -->\n<title>Hakk\u0131m\u0131zda - Ahhane Production<\/title>\n<meta name=\"robots\" content=\"index, follow, max-snippet:-1, max-image-preview:large, max-video-preview:-1\" \/>\n<link rel=\"canonical\" href=\"https:\/\/www.ahhaneproduction.com\/en\/kurumsal\/\" \/>\n<meta property=\"og:locale\" content=\"en_US\" \/>\n<meta property=\"og:type\" content=\"article\" \/>\n<meta property=\"og:title\" content=\"Hakk\u0131m\u0131zda - Ahhane Production\" \/>\n<meta property=\"og:url\" content=\"https:\/\/www.ahhaneproduction.com\/en\/kurumsal\/\" \/>\n<meta property=\"og:site_name\" content=\"Ahhane Production\" \/>\n<meta property=\"article:publisher\" content=\"https:\/\/www.facebook.com\/ahhane.produksiyon\" \/>\n<meta property=\"article:modified_time\" content=\"2022-10-18T14:11:00+00:00\" \/>\n<meta name=\"twitter:card\" content=\"summary_large_image\" \/>\n<meta name=\"twitter:label1\" content=\"Est. reading time\" \/>\n\t<meta name=\"twitter:data1\" content=\"3 minutes\" \/>\n<script type=\"application\/ld+json\" class=\"yoast-schema-graph\">{\"@context\":\"https:\/\/schema.org\",\"@graph\":[{\"@type\":\"WebPage\",\"@id\":\"https:\/\/www.ahhaneproduction.com\/kurumsal\/\",\"url\":\"https:\/\/www.ahhaneproduction.com\/kurumsal\/\",\"name\":\"Hakk\u0131m\u0131zda - Ahhane Production\",\"isPartOf\":{\"@id\":\"https:\/\/www.ahhaneproduction.com\/#website\"},\"datePublished\":\"2019-01-04T13:24:13+00:00\",\"dateModified\":\"2022-10-18T14:11:00+00:00\",\"breadcrumb\":{\"@id\":\"https:\/\/www.ahhaneproduction.com\/kurumsal\/#breadcrumb\"},\"inLanguage\":\"en-US\",\"potentialAction\":[{\"@type\":\"ReadAction\",\"target\":[\"https:\/\/www.ahhaneproduction.com\/kurumsal\/\"]}]},{\"@type\":\"BreadcrumbList\",\"@id\":\"https:\/\/www.ahhaneproduction.com\/kurumsal\/#breadcrumb\",\"itemListElement\":[{\"@type\":\"ListItem\",\"position\":1,\"name\":\"Anasayfa\",\"item\":\"https:\/\/www.ahhaneproduction.com\/\"},{\"@type\":\"ListItem\",\"position\":2,\"name\":\"Hakk\u0131m\u0131zda\"}]},{\"@type\":\"WebSite\",\"@id\":\"https:\/\/www.ahhaneproduction.com\/#website\",\"url\":\"https:\/\/www.ahhaneproduction.com\/\",\"name\":\"Ahhane Production\",\"description\":\"G\u00f6rsel ve Ses Sanatlar\u0131\",\"publisher\":{\"@id\":\"https:\/\/www.ahhaneproduction.com\/#organization\"},\"potentialAction\":[{\"@type\":\"SearchAction\",\"target\":{\"@type\":\"EntryPoint\",\"urlTemplate\":\"https:\/\/www.ahhaneproduction.com\/?s={search_term_string}\"},\"query-input\":\"required name=search_term_string\"}],\"inLanguage\":\"en-US\"},{\"@type\":\"Organization\",\"@id\":\"https:\/\/www.ahhaneproduction.com\/#organization\",\"name\":\"Ahhane Production\",\"url\":\"https:\/\/www.ahhaneproduction.com\/\",\"sameAs\":[\"https:\/\/www.linkedin.com\/in\/ahhaneproduksiyon\/\",\"https:\/\/www.instagram.com\/ahhaneproduction\/\",\"https:\/\/www.facebook.com\/ahhane.produksiyon\"],\"logo\":{\"@type\":\"ImageObject\",\"inLanguage\":\"en-US\",\"@id\":\"https:\/\/www.ahhaneproduction.com\/#\/schema\/logo\/image\/\",\"url\":\"https:\/\/www.ahhaneproduction.com\/wp-content\/uploads\/2022\/10\/iteikon.png\",\"contentUrl\":\"https:\/\/www.ahhaneproduction.com\/wp-content\/uploads\/2022\/10\/iteikon.png\",\"width\":374,\"height\":374,\"caption\":\"Ahhane Production\"},\"image\":{\"@id\":\"https:\/\/www.ahhaneproduction.com\/#\/schema\/logo\/image\/\"}}]}<\/script>\n<!-- \/ Yoast SEO plugin. -->","yoast_head_json":{"title":"Hakk\u0131m\u0131zda - Ahhane Production","robots":{"index":"index","follow":"follow","max-snippet":"max-snippet:-1","max-image-preview":"max-image-preview:large","max-video-preview":"max-video-preview:-1"},"canonical":"https:\/\/www.ahhaneproduction.com\/en\/kurumsal\/","og_locale":"en_US","og_type":"article","og_title":"Hakk\u0131m\u0131zda - Ahhane Production","og_url":"https:\/\/www.ahhaneproduction.com\/en\/kurumsal\/","og_site_name":"Ahhane Production","article_publisher":"https:\/\/www.facebook.com\/ahhane.produksiyon","article_modified_time":"2022-10-18T14:11:00+00:00","twitter_card":"summary_large_image","twitter_misc":{"Est. reading time":"3 minutes"},"schema":{"@context":"https:\/\/schema.org","@graph":[{"@type":"WebPage","@id":"https:\/\/www.ahhaneproduction.com\/kurumsal\/","url":"https:\/\/www.ahhaneproduction.com\/kurumsal\/","name":"Hakk\u0131m\u0131zda - Ahhane Production","isPartOf":{"@id":"https:\/\/www.ahhaneproduction.com\/#website"},"datePublished":"2019-01-04T13:24:13+00:00","dateModified":"2022-10-18T14:11:00+00:00","breadcrumb":{"@id":"https:\/\/www.ahhaneproduction.com\/kurumsal\/#breadcrumb"},"inLanguage":"en-US","potentialAction":[{"@type":"ReadAction","target":["https:\/\/www.ahhaneproduction.com\/kurumsal\/"]}]},{"@type":"BreadcrumbList","@id":"https:\/\/www.ahhaneproduction.com\/kurumsal\/#breadcrumb","itemListElement":[{"@type":"ListItem","position":1,"name":"Anasayfa","item":"https:\/\/www.ahhaneproduction.com\/"},{"@type":"ListItem","position":2,"name":"Hakk\u0131m\u0131zda"}]},{"@type":"WebSite","@id":"https:\/\/www.ahhaneproduction.com\/#website","url":"https:\/\/www.ahhaneproduction.com\/","name":"Ahhane Production","description":"G\u00f6rsel ve Ses Sanatlar\u0131","publisher":{"@id":"https:\/\/www.ahhaneproduction.com\/#organization"},"potentialAction":[{"@type":"SearchAction","target":{"@type":"EntryPoint","urlTemplate":"https:\/\/www.ahhaneproduction.com\/?s={search_term_string}"},"query-input":"required name=search_term_string"}],"inLanguage":"en-US"},{"@type":"Organization","@id":"https:\/\/www.ahhaneproduction.com\/#organization","name":"Ahhane Production","url":"https:\/\/www.ahhaneproduction.com\/","sameAs":["https:\/\/www.linkedin.com\/in\/ahhaneproduksiyon\/","https:\/\/www.instagram.com\/ahhaneproduction\/","https:\/\/www.facebook.com\/ahhane.produksiyon"],"logo":{"@type":"ImageObject","inLanguage":"en-US","@id":"https:\/\/www.ahhaneproduction.com\/#\/schema\/logo\/image\/","url":"https:\/\/www.ahhaneproduction.com\/wp-content\/uploads\/2022\/10\/iteikon.png","contentUrl":"https:\/\/www.ahhaneproduction.com\/wp-content\/uploads\/2022\/10\/iteikon.png","width":374,"height":374,"caption":"Ahhane Production"},"image":{"@id":"https:\/\/www.ahhaneproduction.com\/#\/schema\/logo\/image\/"}}]}},"_links":{"self":[{"href":"https:\/\/www.ahhaneproduction.com\/en\/wp-json\/wp\/v2\/pages\/387"}],"collection":[{"href":"https:\/\/www.ahhaneproduction.com\/en\/wp-json\/wp\/v2\/pages"}],"about":[{"href":"https:\/\/www.ahhaneproduction.com\/en\/wp-json\/wp\/v2\/types\/page"}],"author":[{"embeddable":true,"href":"https:\/\/www.ahhaneproduction.com\/en\/wp-json\/wp\/v2\/users\/1"}],"replies":[{"embeddable":true,"href":"https:\/\/www.ahhaneproduction.com\/en\/wp-json\/wp\/v2\/comments?post=387"}],"version-history":[{"count":15,"href":"https:\/\/www.ahhaneproduction.com\/en\/wp-json\/wp\/v2\/pages\/387\/revisions"}],"predecessor-version":[{"id":3172,"href":"https:\/\/www.ahhaneproduction.com\/en\/wp-json\/wp\/v2\/pages\/387\/revisions\/3172"}],"wp:attachment":[{"href":"https:\/\/www.ahhaneproduction.com\/en\/wp-json\/wp\/v2\/media?parent=387"}],"curies":[{"name":"wp","href":"https:\/\/api.w.org\/{rel}","templated":true}]}}