{"id":3123,"date":"2022-10-18T05:04:51","date_gmt":"2022-10-18T05:04:51","guid":{"rendered":"https:\/\/www.ahhaneproduction.com\/?page_id=3123"},"modified":"2022-10-18T08:14:24","modified_gmt":"2022-10-18T08:14:24","slug":"ses-sanatlari","status":"publish","type":"page","link":"https:\/\/www.ahhaneproduction.com\/en\/ses-sanatlari\/","title":{"rendered":"Ses Sanatlar\u0131"},"content":{"rendered":"<div class=\"wp-block-image\">\n<figure class=\"aligncenter size-full\"><img loading=\"lazy\" width=\"770\" height=\"400\" src=\"https:\/\/www.ahhaneproduction.com\/wp-content\/uploads\/2022\/10\/dublaj.jpg\" alt=\"\" class=\"wp-image-3125\" srcset=\"https:\/\/www.ahhaneproduction.com\/wp-content\/uploads\/2022\/10\/dublaj.jpg 770w, https:\/\/www.ahhaneproduction.com\/wp-content\/uploads\/2022\/10\/dublaj-300x156.jpg 300w, https:\/\/www.ahhaneproduction.com\/wp-content\/uploads\/2022\/10\/dublaj-768x399.jpg 768w, https:\/\/www.ahhaneproduction.com\/wp-content\/uploads\/2022\/10\/dublaj-600x312.jpg 600w\" sizes=\"(max-width: 770px) 100vw, 770px\" \/><\/figure><\/div>\n\n\n<p><\/p>\n\n\n\n<p class=\"has-text-align-center\">Dublaj, seslendirme, m\u00fczik ve ses tasar\u0131m alanlar\u0131nda geni\u015f kadromuz ve i\u015finde uzman ekibimizle birlikte t\u00fcm projelere ses getirmeyi hedefliyoruz.<\/p>\n\n\n\n<p class=\"has-text-align-center\">Sizi anlayarak att\u0131\u011f\u0131m\u0131z ilk ad\u0131m ard\u0131ndan birlikte y\u00fcr\u00fcyece\u011fimiz yolda att\u0131\u011f\u0131m\u0131z her ad\u0131mda Ahhane, ilkeleri do\u011frultusunda yere sa\u011flam basarak \u00f6nce g\u00fcveni sizlere sunar.<\/p>\n\n\n\n<p class=\"has-text-align-center\">Do\u011fan g\u00fcveni sahiplenip, deneyimlerimiz g\u00f6lgesinde kalite ile besleyerek vard\u0131\u011f\u0131m\u0131z hedefte sizi ve bizi en iyi yans\u0131tan fikir art\u0131k herkese sunulmaya haz\u0131r olacakt\u0131r.<\/p>\n\n\n\n<div style=\"height:100px\" aria-hidden=\"true\" class=\"wp-block-spacer\"><\/div>","protected":false},"excerpt":{"rendered":"<p>Dublaj, seslendirme, m\u00fczik ve ses tasar\u0131m alanlar\u0131nda geni\u015f kadromuz ve i\u015finde uzman ekibimizle birlikte t\u00fcm projelere ses getirmeyi hedefliyoruz. Sizi anlayarak att\u0131\u011f\u0131m\u0131z ilk ad\u0131m ard\u0131ndan birlikte y\u00fcr\u00fcyece\u011fimiz yolda att\u0131\u011f\u0131m\u0131z her ad\u0131mda Ahhane, ilkeleri do\u011frultusunda yere sa\u011flam basarak \u00f6nce g\u00fcveni sizlere [&hellip;]<\/p>","protected":false},"author":1,"featured_media":0,"parent":0,"menu_order":0,"comment_status":"closed","ping_status":"closed","template":"","meta":[],"yoast_head":"<!-- This site is optimized with the Yoast SEO plugin v19.8 - https:\/\/yoast.com\/wordpress\/plugins\/seo\/ -->\n<title>Ses Sanatlar\u0131 - Ahhane Production<\/title>\n<meta name=\"robots\" content=\"index, follow, max-snippet:-1, max-image-preview:large, max-video-preview:-1\" \/>\n<link rel=\"canonical\" href=\"https:\/\/www.ahhaneproduction.com\/en\/ses-sanatlari\/\" \/>\n<meta property=\"og:locale\" content=\"en_US\" \/>\n<meta property=\"og:type\" content=\"article\" \/>\n<meta property=\"og:title\" content=\"Ses Sanatlar\u0131 - Ahhane Production\" \/>\n<meta property=\"og:description\" content=\"Dublaj, seslendirme, m\u00fczik ve ses tasar\u0131m alanlar\u0131nda geni\u015f kadromuz ve i\u015finde uzman ekibimizle birlikte t\u00fcm projelere ses getirmeyi hedefliyoruz. Sizi anlayarak att\u0131\u011f\u0131m\u0131z ilk ad\u0131m ard\u0131ndan birlikte y\u00fcr\u00fcyece\u011fimiz yolda att\u0131\u011f\u0131m\u0131z her ad\u0131mda Ahhane, ilkeleri do\u011frultusunda yere sa\u011flam basarak \u00f6nce g\u00fcveni sizlere [&hellip;]\" \/>\n<meta property=\"og:url\" content=\"https:\/\/www.ahhaneproduction.com\/en\/ses-sanatlari\/\" \/>\n<meta property=\"og:site_name\" content=\"Ahhane Production\" \/>\n<meta property=\"article:publisher\" content=\"https:\/\/www.facebook.com\/ahhane.produksiyon\" \/>\n<meta property=\"article:modified_time\" content=\"2022-10-18T08:14:24+00:00\" \/>\n<meta property=\"og:image\" content=\"https:\/\/www.ahhaneproduction.com\/wp-content\/uploads\/2022\/10\/dublaj.jpg\" \/>\n<meta name=\"twitter:card\" content=\"summary_large_image\" \/>\n<script type=\"application\/ld+json\" class=\"yoast-schema-graph\">{\"@context\":\"https:\/\/schema.org\",\"@graph\":[{\"@type\":\"WebPage\",\"@id\":\"https:\/\/www.ahhaneproduction.com\/ses-sanatlari\/\",\"url\":\"https:\/\/www.ahhaneproduction.com\/ses-sanatlari\/\",\"name\":\"Ses Sanatlar\u0131 - Ahhane Production\",\"isPartOf\":{\"@id\":\"https:\/\/www.ahhaneproduction.com\/#website\"},\"datePublished\":\"2022-10-18T05:04:51+00:00\",\"dateModified\":\"2022-10-18T08:14:24+00:00\",\"breadcrumb\":{\"@id\":\"https:\/\/www.ahhaneproduction.com\/ses-sanatlari\/#breadcrumb\"},\"inLanguage\":\"en-US\",\"potentialAction\":[{\"@type\":\"ReadAction\",\"target\":[\"https:\/\/www.ahhaneproduction.com\/ses-sanatlari\/\"]}]},{\"@type\":\"BreadcrumbList\",\"@id\":\"https:\/\/www.ahhaneproduction.com\/ses-sanatlari\/#breadcrumb\",\"itemListElement\":[{\"@type\":\"ListItem\",\"position\":1,\"name\":\"Anasayfa\",\"item\":\"https:\/\/www.ahhaneproduction.com\/\"},{\"@type\":\"ListItem\",\"position\":2,\"name\":\"Ses Sanatlar\u0131\"}]},{\"@type\":\"WebSite\",\"@id\":\"https:\/\/www.ahhaneproduction.com\/#website\",\"url\":\"https:\/\/www.ahhaneproduction.com\/\",\"name\":\"Ahhane Production\",\"description\":\"G\u00f6rsel ve Ses Sanatlar\u0131\",\"publisher\":{\"@id\":\"https:\/\/www.ahhaneproduction.com\/#organization\"},\"potentialAction\":[{\"@type\":\"SearchAction\",\"target\":{\"@type\":\"EntryPoint\",\"urlTemplate\":\"https:\/\/www.ahhaneproduction.com\/?s={search_term_string}\"},\"query-input\":\"required name=search_term_string\"}],\"inLanguage\":\"en-US\"},{\"@type\":\"Organization\",\"@id\":\"https:\/\/www.ahhaneproduction.com\/#organization\",\"name\":\"Ahhane Production\",\"url\":\"https:\/\/www.ahhaneproduction.com\/\",\"sameAs\":[\"https:\/\/www.linkedin.com\/in\/ahhaneproduksiyon\/\",\"https:\/\/www.instagram.com\/ahhaneproduction\/\",\"https:\/\/www.facebook.com\/ahhane.produksiyon\"],\"logo\":{\"@type\":\"ImageObject\",\"inLanguage\":\"en-US\",\"@id\":\"https:\/\/www.ahhaneproduction.com\/#\/schema\/logo\/image\/\",\"url\":\"https:\/\/www.ahhaneproduction.com\/wp-content\/uploads\/2022\/10\/iteikon.png\",\"contentUrl\":\"https:\/\/www.ahhaneproduction.com\/wp-content\/uploads\/2022\/10\/iteikon.png\",\"width\":374,\"height\":374,\"caption\":\"Ahhane Production\"},\"image\":{\"@id\":\"https:\/\/www.ahhaneproduction.com\/#\/schema\/logo\/image\/\"}}]}<\/script>\n<!-- \/ Yoast SEO plugin. -->","yoast_head_json":{"title":"Ses Sanatlar\u0131 - Ahhane Production","robots":{"index":"index","follow":"follow","max-snippet":"max-snippet:-1","max-image-preview":"max-image-preview:large","max-video-preview":"max-video-preview:-1"},"canonical":"https:\/\/www.ahhaneproduction.com\/en\/ses-sanatlari\/","og_locale":"en_US","og_type":"article","og_title":"Ses Sanatlar\u0131 - Ahhane Production","og_description":"Dublaj, seslendirme, m\u00fczik ve ses tasar\u0131m alanlar\u0131nda geni\u015f kadromuz ve i\u015finde uzman ekibimizle birlikte t\u00fcm projelere ses getirmeyi hedefliyoruz. Sizi anlayarak att\u0131\u011f\u0131m\u0131z ilk ad\u0131m ard\u0131ndan birlikte y\u00fcr\u00fcyece\u011fimiz yolda att\u0131\u011f\u0131m\u0131z her ad\u0131mda Ahhane, ilkeleri do\u011frultusunda yere sa\u011flam basarak \u00f6nce g\u00fcveni sizlere [&hellip;]","og_url":"https:\/\/www.ahhaneproduction.com\/en\/ses-sanatlari\/","og_site_name":"Ahhane Production","article_publisher":"https:\/\/www.facebook.com\/ahhane.produksiyon","article_modified_time":"2022-10-18T08:14:24+00:00","og_image":[{"url":"https:\/\/www.ahhaneproduction.com\/wp-content\/uploads\/2022\/10\/dublaj.jpg"}],"twitter_card":"summary_large_image","schema":{"@context":"https:\/\/schema.org","@graph":[{"@type":"WebPage","@id":"https:\/\/www.ahhaneproduction.com\/ses-sanatlari\/","url":"https:\/\/www.ahhaneproduction.com\/ses-sanatlari\/","name":"Ses Sanatlar\u0131 - Ahhane Production","isPartOf":{"@id":"https:\/\/www.ahhaneproduction.com\/#website"},"datePublished":"2022-10-18T05:04:51+00:00","dateModified":"2022-10-18T08:14:24+00:00","breadcrumb":{"@id":"https:\/\/www.ahhaneproduction.com\/ses-sanatlari\/#breadcrumb"},"inLanguage":"en-US","potentialAction":[{"@type":"ReadAction","target":["https:\/\/www.ahhaneproduction.com\/ses-sanatlari\/"]}]},{"@type":"BreadcrumbList","@id":"https:\/\/www.ahhaneproduction.com\/ses-sanatlari\/#breadcrumb","itemListElement":[{"@type":"ListItem","position":1,"name":"Anasayfa","item":"https:\/\/www.ahhaneproduction.com\/"},{"@type":"ListItem","position":2,"name":"Ses Sanatlar\u0131"}]},{"@type":"WebSite","@id":"https:\/\/www.ahhaneproduction.com\/#website","url":"https:\/\/www.ahhaneproduction.com\/","name":"Ahhane Production","description":"G\u00f6rsel ve Ses Sanatlar\u0131","publisher":{"@id":"https:\/\/www.ahhaneproduction.com\/#organization"},"potentialAction":[{"@type":"SearchAction","target":{"@type":"EntryPoint","urlTemplate":"https:\/\/www.ahhaneproduction.com\/?s={search_term_string}"},"query-input":"required name=search_term_string"}],"inLanguage":"en-US"},{"@type":"Organization","@id":"https:\/\/www.ahhaneproduction.com\/#organization","name":"Ahhane Production","url":"https:\/\/www.ahhaneproduction.com\/","sameAs":["https:\/\/www.linkedin.com\/in\/ahhaneproduksiyon\/","https:\/\/www.instagram.com\/ahhaneproduction\/","https:\/\/www.facebook.com\/ahhane.produksiyon"],"logo":{"@type":"ImageObject","inLanguage":"en-US","@id":"https:\/\/www.ahhaneproduction.com\/#\/schema\/logo\/image\/","url":"https:\/\/www.ahhaneproduction.com\/wp-content\/uploads\/2022\/10\/iteikon.png","contentUrl":"https:\/\/www.ahhaneproduction.com\/wp-content\/uploads\/2022\/10\/iteikon.png","width":374,"height":374,"caption":"Ahhane Production"},"image":{"@id":"https:\/\/www.ahhaneproduction.com\/#\/schema\/logo\/image\/"}}]}},"_links":{"self":[{"href":"https:\/\/www.ahhaneproduction.com\/en\/wp-json\/wp\/v2\/pages\/3123"}],"collection":[{"href":"https:\/\/www.ahhaneproduction.com\/en\/wp-json\/wp\/v2\/pages"}],"about":[{"href":"https:\/\/www.ahhaneproduction.com\/en\/wp-json\/wp\/v2\/types\/page"}],"author":[{"embeddable":true,"href":"https:\/\/www.ahhaneproduction.com\/en\/wp-json\/wp\/v2\/users\/1"}],"replies":[{"embeddable":true,"href":"https:\/\/www.ahhaneproduction.com\/en\/wp-json\/wp\/v2\/comments?post=3123"}],"version-history":[{"count":3,"href":"https:\/\/www.ahhaneproduction.com\/en\/wp-json\/wp\/v2\/pages\/3123\/revisions"}],"predecessor-version":[{"id":3136,"href":"https:\/\/www.ahhaneproduction.com\/en\/wp-json\/wp\/v2\/pages\/3123\/revisions\/3136"}],"wp:attachment":[{"href":"https:\/\/www.ahhaneproduction.com\/en\/wp-json\/wp\/v2\/media?parent=3123"}],"curies":[{"name":"wp","href":"https:\/\/api.w.org\/{rel}","templated":true}]}}