{"id":3032,"date":"2022-10-18T04:51:19","date_gmt":"2022-10-18T04:51:19","guid":{"rendered":"https:\/\/www.ahhaneproduction.com\/?page_id=3032"},"modified":"2022-10-18T08:13:48","modified_gmt":"2022-10-18T08:13:48","slug":"gorsel-sanatlar","status":"publish","type":"page","link":"https:\/\/www.ahhaneproduction.com\/en\/gorsel-sanatlar\/","title":{"rendered":"G\u00f6rsel Sanatlar"},"content":{"rendered":"<div class=\"wp-block-image\">\n<figure class=\"aligncenter size-large\"><img loading=\"lazy\" width=\"1024\" height=\"563\" src=\"https:\/\/www.ahhaneproduction.com\/wp-content\/uploads\/2022\/10\/gorsel-sanatlar-1024x563.jpg\" alt=\"\" class=\"wp-image-3036\" srcset=\"https:\/\/www.ahhaneproduction.com\/wp-content\/uploads\/2022\/10\/gorsel-sanatlar-1024x563.jpg 1024w, https:\/\/www.ahhaneproduction.com\/wp-content\/uploads\/2022\/10\/gorsel-sanatlar-300x165.jpg 300w, https:\/\/www.ahhaneproduction.com\/wp-content\/uploads\/2022\/10\/gorsel-sanatlar-768x422.jpg 768w, https:\/\/www.ahhaneproduction.com\/wp-content\/uploads\/2022\/10\/gorsel-sanatlar-600x330.jpg 600w, https:\/\/www.ahhaneproduction.com\/wp-content\/uploads\/2022\/10\/gorsel-sanatlar.jpg 1200w\" sizes=\"(max-width: 1024px) 100vw, 1024px\" \/><\/figure><\/div>\n\n\n<p><\/p>\n\n\n\n<p class=\"has-text-align-center\">G\u00f6zlerinizi kapatt\u0131n\u0131z ve hayal etmeye ba\u015flad\u0131n\u0131z. Tekrar g\u00f6zlerinizi a\u00e7t\u0131\u011f\u0131n\u0131zda \u00f6nce hayallerinizi dinlemek, sonra hayallerinizi birlikte ger\u00e7ekle\u015ftirmek i\u00e7in buraday\u0131z.<\/p>\n\n\n\n<p class=\"has-text-align-center\">Foto\u011fraf \u00e7ekimi, 2D ve 3D animasyon, reklam, tan\u0131t\u0131m filmi, belgesel, video klip, dizi, k\u0131sa ve uzun metraj film olmak \u00fczere bir\u00e7ok alanda hayal ettiklerinizi ekranlara yans\u0131t\u0131rken, bu s\u00fcreci birlikte deneyimleyerek haf\u0131zalar\u0131m\u0131zda tebess\u00fcm olu\u015fturaca\u011f\u0131m\u0131z an\u0131lar biriktirebiliriz.<\/p>\n\n\n\n<div style=\"height:100px\" aria-hidden=\"true\" class=\"wp-block-spacer\"><\/div>","protected":false},"excerpt":{"rendered":"<p>G\u00f6zlerinizi kapatt\u0131n\u0131z ve hayal etmeye ba\u015flad\u0131n\u0131z. Tekrar g\u00f6zlerinizi a\u00e7t\u0131\u011f\u0131n\u0131zda \u00f6nce hayallerinizi dinlemek, sonra hayallerinizi birlikte ger\u00e7ekle\u015ftirmek i\u00e7in buraday\u0131z. Foto\u011fraf \u00e7ekimi, 2D ve 3D animasyon, reklam, tan\u0131t\u0131m filmi, belgesel, video klip, dizi, k\u0131sa ve uzun metraj film olmak \u00fczere bir\u00e7ok alanda [&hellip;]<\/p>","protected":false},"author":1,"featured_media":0,"parent":0,"menu_order":0,"comment_status":"closed","ping_status":"closed","template":"","meta":[],"yoast_head":"<!-- This site is optimized with the Yoast SEO plugin v19.8 - https:\/\/yoast.com\/wordpress\/plugins\/seo\/ -->\n<title>G\u00f6rsel Sanatlar - Ahhane Production<\/title>\n<meta name=\"robots\" content=\"index, follow, max-snippet:-1, max-image-preview:large, max-video-preview:-1\" \/>\n<link rel=\"canonical\" href=\"https:\/\/www.ahhaneproduction.com\/en\/gorsel-sanatlar\/\" \/>\n<meta property=\"og:locale\" content=\"en_US\" \/>\n<meta property=\"og:type\" content=\"article\" \/>\n<meta property=\"og:title\" content=\"G\u00f6rsel Sanatlar - Ahhane Production\" \/>\n<meta property=\"og:description\" content=\"G\u00f6zlerinizi kapatt\u0131n\u0131z ve hayal etmeye ba\u015flad\u0131n\u0131z. Tekrar g\u00f6zlerinizi a\u00e7t\u0131\u011f\u0131n\u0131zda \u00f6nce hayallerinizi dinlemek, sonra hayallerinizi birlikte ger\u00e7ekle\u015ftirmek i\u00e7in buraday\u0131z. Foto\u011fraf \u00e7ekimi, 2D ve 3D animasyon, reklam, tan\u0131t\u0131m filmi, belgesel, video klip, dizi, k\u0131sa ve uzun metraj film olmak \u00fczere bir\u00e7ok alanda [&hellip;]\" \/>\n<meta property=\"og:url\" content=\"https:\/\/www.ahhaneproduction.com\/en\/gorsel-sanatlar\/\" \/>\n<meta property=\"og:site_name\" content=\"Ahhane Production\" \/>\n<meta property=\"article:publisher\" content=\"https:\/\/www.facebook.com\/ahhane.produksiyon\" \/>\n<meta property=\"article:modified_time\" content=\"2022-10-18T08:13:48+00:00\" \/>\n<meta property=\"og:image\" content=\"https:\/\/www.ahhaneproduction.com\/wp-content\/uploads\/2022\/10\/gorsel-sanatlar-1024x563.jpg\" \/>\n<meta name=\"twitter:card\" content=\"summary_large_image\" \/>\n<script type=\"application\/ld+json\" class=\"yoast-schema-graph\">{\"@context\":\"https:\/\/schema.org\",\"@graph\":[{\"@type\":\"WebPage\",\"@id\":\"https:\/\/www.ahhaneproduction.com\/gorsel-sanatlar\/\",\"url\":\"https:\/\/www.ahhaneproduction.com\/gorsel-sanatlar\/\",\"name\":\"G\u00f6rsel Sanatlar - Ahhane Production\",\"isPartOf\":{\"@id\":\"https:\/\/www.ahhaneproduction.com\/#website\"},\"datePublished\":\"2022-10-18T04:51:19+00:00\",\"dateModified\":\"2022-10-18T08:13:48+00:00\",\"breadcrumb\":{\"@id\":\"https:\/\/www.ahhaneproduction.com\/gorsel-sanatlar\/#breadcrumb\"},\"inLanguage\":\"en-US\",\"potentialAction\":[{\"@type\":\"ReadAction\",\"target\":[\"https:\/\/www.ahhaneproduction.com\/gorsel-sanatlar\/\"]}]},{\"@type\":\"BreadcrumbList\",\"@id\":\"https:\/\/www.ahhaneproduction.com\/gorsel-sanatlar\/#breadcrumb\",\"itemListElement\":[{\"@type\":\"ListItem\",\"position\":1,\"name\":\"Anasayfa\",\"item\":\"https:\/\/www.ahhaneproduction.com\/\"},{\"@type\":\"ListItem\",\"position\":2,\"name\":\"G\u00f6rsel Sanatlar\"}]},{\"@type\":\"WebSite\",\"@id\":\"https:\/\/www.ahhaneproduction.com\/#website\",\"url\":\"https:\/\/www.ahhaneproduction.com\/\",\"name\":\"Ahhane Production\",\"description\":\"G\u00f6rsel ve Ses Sanatlar\u0131\",\"publisher\":{\"@id\":\"https:\/\/www.ahhaneproduction.com\/#organization\"},\"potentialAction\":[{\"@type\":\"SearchAction\",\"target\":{\"@type\":\"EntryPoint\",\"urlTemplate\":\"https:\/\/www.ahhaneproduction.com\/?s={search_term_string}\"},\"query-input\":\"required name=search_term_string\"}],\"inLanguage\":\"en-US\"},{\"@type\":\"Organization\",\"@id\":\"https:\/\/www.ahhaneproduction.com\/#organization\",\"name\":\"Ahhane Production\",\"url\":\"https:\/\/www.ahhaneproduction.com\/\",\"sameAs\":[\"https:\/\/www.linkedin.com\/in\/ahhaneproduksiyon\/\",\"https:\/\/www.instagram.com\/ahhaneproduction\/\",\"https:\/\/www.facebook.com\/ahhane.produksiyon\"],\"logo\":{\"@type\":\"ImageObject\",\"inLanguage\":\"en-US\",\"@id\":\"https:\/\/www.ahhaneproduction.com\/#\/schema\/logo\/image\/\",\"url\":\"https:\/\/www.ahhaneproduction.com\/wp-content\/uploads\/2022\/10\/iteikon.png\",\"contentUrl\":\"https:\/\/www.ahhaneproduction.com\/wp-content\/uploads\/2022\/10\/iteikon.png\",\"width\":374,\"height\":374,\"caption\":\"Ahhane Production\"},\"image\":{\"@id\":\"https:\/\/www.ahhaneproduction.com\/#\/schema\/logo\/image\/\"}}]}<\/script>\n<!-- \/ Yoast SEO plugin. -->","yoast_head_json":{"title":"G\u00f6rsel Sanatlar - Ahhane Production","robots":{"index":"index","follow":"follow","max-snippet":"max-snippet:-1","max-image-preview":"max-image-preview:large","max-video-preview":"max-video-preview:-1"},"canonical":"https:\/\/www.ahhaneproduction.com\/en\/gorsel-sanatlar\/","og_locale":"en_US","og_type":"article","og_title":"G\u00f6rsel Sanatlar - Ahhane Production","og_description":"G\u00f6zlerinizi kapatt\u0131n\u0131z ve hayal etmeye ba\u015flad\u0131n\u0131z. Tekrar g\u00f6zlerinizi a\u00e7t\u0131\u011f\u0131n\u0131zda \u00f6nce hayallerinizi dinlemek, sonra hayallerinizi birlikte ger\u00e7ekle\u015ftirmek i\u00e7in buraday\u0131z. Foto\u011fraf \u00e7ekimi, 2D ve 3D animasyon, reklam, tan\u0131t\u0131m filmi, belgesel, video klip, dizi, k\u0131sa ve uzun metraj film olmak \u00fczere bir\u00e7ok alanda [&hellip;]","og_url":"https:\/\/www.ahhaneproduction.com\/en\/gorsel-sanatlar\/","og_site_name":"Ahhane Production","article_publisher":"https:\/\/www.facebook.com\/ahhane.produksiyon","article_modified_time":"2022-10-18T08:13:48+00:00","og_image":[{"url":"https:\/\/www.ahhaneproduction.com\/wp-content\/uploads\/2022\/10\/gorsel-sanatlar-1024x563.jpg"}],"twitter_card":"summary_large_image","schema":{"@context":"https:\/\/schema.org","@graph":[{"@type":"WebPage","@id":"https:\/\/www.ahhaneproduction.com\/gorsel-sanatlar\/","url":"https:\/\/www.ahhaneproduction.com\/gorsel-sanatlar\/","name":"G\u00f6rsel Sanatlar - Ahhane Production","isPartOf":{"@id":"https:\/\/www.ahhaneproduction.com\/#website"},"datePublished":"2022-10-18T04:51:19+00:00","dateModified":"2022-10-18T08:13:48+00:00","breadcrumb":{"@id":"https:\/\/www.ahhaneproduction.com\/gorsel-sanatlar\/#breadcrumb"},"inLanguage":"en-US","potentialAction":[{"@type":"ReadAction","target":["https:\/\/www.ahhaneproduction.com\/gorsel-sanatlar\/"]}]},{"@type":"BreadcrumbList","@id":"https:\/\/www.ahhaneproduction.com\/gorsel-sanatlar\/#breadcrumb","itemListElement":[{"@type":"ListItem","position":1,"name":"Anasayfa","item":"https:\/\/www.ahhaneproduction.com\/"},{"@type":"ListItem","position":2,"name":"G\u00f6rsel Sanatlar"}]},{"@type":"WebSite","@id":"https:\/\/www.ahhaneproduction.com\/#website","url":"https:\/\/www.ahhaneproduction.com\/","name":"Ahhane Production","description":"G\u00f6rsel ve Ses Sanatlar\u0131","publisher":{"@id":"https:\/\/www.ahhaneproduction.com\/#organization"},"potentialAction":[{"@type":"SearchAction","target":{"@type":"EntryPoint","urlTemplate":"https:\/\/www.ahhaneproduction.com\/?s={search_term_string}"},"query-input":"required name=search_term_string"}],"inLanguage":"en-US"},{"@type":"Organization","@id":"https:\/\/www.ahhaneproduction.com\/#organization","name":"Ahhane Production","url":"https:\/\/www.ahhaneproduction.com\/","sameAs":["https:\/\/www.linkedin.com\/in\/ahhaneproduksiyon\/","https:\/\/www.instagram.com\/ahhaneproduction\/","https:\/\/www.facebook.com\/ahhane.produksiyon"],"logo":{"@type":"ImageObject","inLanguage":"en-US","@id":"https:\/\/www.ahhaneproduction.com\/#\/schema\/logo\/image\/","url":"https:\/\/www.ahhaneproduction.com\/wp-content\/uploads\/2022\/10\/iteikon.png","contentUrl":"https:\/\/www.ahhaneproduction.com\/wp-content\/uploads\/2022\/10\/iteikon.png","width":374,"height":374,"caption":"Ahhane Production"},"image":{"@id":"https:\/\/www.ahhaneproduction.com\/#\/schema\/logo\/image\/"}}]}},"_links":{"self":[{"href":"https:\/\/www.ahhaneproduction.com\/en\/wp-json\/wp\/v2\/pages\/3032"}],"collection":[{"href":"https:\/\/www.ahhaneproduction.com\/en\/wp-json\/wp\/v2\/pages"}],"about":[{"href":"https:\/\/www.ahhaneproduction.com\/en\/wp-json\/wp\/v2\/types\/page"}],"author":[{"embeddable":true,"href":"https:\/\/www.ahhaneproduction.com\/en\/wp-json\/wp\/v2\/users\/1"}],"replies":[{"embeddable":true,"href":"https:\/\/www.ahhaneproduction.com\/en\/wp-json\/wp\/v2\/comments?post=3032"}],"version-history":[{"count":6,"href":"https:\/\/www.ahhaneproduction.com\/en\/wp-json\/wp\/v2\/pages\/3032\/revisions"}],"predecessor-version":[{"id":3135,"href":"https:\/\/www.ahhaneproduction.com\/en\/wp-json\/wp\/v2\/pages\/3032\/revisions\/3135"}],"wp:attachment":[{"href":"https:\/\/www.ahhaneproduction.com\/en\/wp-json\/wp\/v2\/media?parent=3032"}],"curies":[{"name":"wp","href":"https:\/\/api.w.org\/{rel}","templated":true}]}}